{"id":2,"date":"2020-07-14T12:20:56","date_gmt":"2020-07-14T15:20:56","guid":{"rendered":"http:\/\/flocky.com.br\/blog\/?page_id=2"},"modified":"2023-02-13T18:30:31","modified_gmt":"2023-02-13T21:30:31","slug":"sobre-o-flocky","status":"publish","type":"page","link":"https:\/\/flocky.com.br\/blog\/sobre-o-flocky\/","title":{"rendered":"Sobre o Flocky"},"content":{"rendered":"\n<h4 class=\"wp-block-heading\">Somos uma Startup pioneira na<br>prote\u00e7\u00e3o autoral para autores e editoras contra o compartilhamento ilegal<\/h4>\n\n\n\n<p>O <strong>Flocky<\/strong> \u00e9 um rob\u00f4 de buscas de tecnologia avan\u00e7ada, projetado para proteger autores e editoras de poss\u00edveis casos de <strong>distribui\u00e7\u00e3o ou comercializa\u00e7\u00e3o ilegal de seus livros<\/strong>. Ele funciona<strong> 24 horas por dia<\/strong>, realizando pesquisas constantes na internet para identificar qualquer ocorr\u00eancia de <strong>pirataria<\/strong>.<\/p>\n\n\n\n<p>Com o objetivo de ser o mais eficiente poss\u00edvel, o <strong>Flocky<\/strong> foi desenvolvido considerando os principais sites de compartilhamento de PDFs na internet. Para cada um desses sites, existe um padr\u00e3o de busca personalizado, desenvolvido atrav\u00e9s de intelig\u00eancia artificial, o que significa que cada autor ou editora protegido pelo <strong>Flocky<\/strong> ter\u00e1 um padr\u00e3o de busca espec\u00edfico para suas obras.<\/p>\n\n\n\n<p>Quando o <strong>Flocky<\/strong> encontra uma ocorr\u00eancia de <strong>compartilhamento ilegal<\/strong>, um dos nossos analistas de direitos autorais \u00e9 notificado para avaliar se realmente se trata de um caso de pirataria. Caso se confirme, o processo de remo\u00e7\u00e3o da obra \u00e9 iniciado imediatamente, geralmente no mesmo dia, embora o tempo de remo\u00e7\u00e3o possa variar de site para site, dependendo da legisla\u00e7\u00e3o de propriedade intelectual do pa\u00eds em que o site est\u00e1 armazenado.<\/p>\n\n\n\n<p>Al\u00e9m disso, o <strong>Flocky<\/strong> tamb\u00e9m realiza buscas manuais periodicamente, usando t\u00e9cnicas avan\u00e7adas de busca com o Google, para identificar novos focos de compartilhamento ilegal e inclu\u00ed-los em seu radar. At\u00e9 o momento, o <strong>Flocky<\/strong> tem um \u00edndice de detec\u00e7\u00e3o e remo\u00e7\u00e3o de PDFs extremamente elevado, tornando poss\u00edvel resolver casos de pirataria em quest\u00e3o de dias.<\/p>\n\n\n\n<p>Vale destacar que o <strong>Flocky<\/strong> n\u00e3o tem como objetivo ser o fim da pirataria, mas sim, uma ferramenta que ajuda autores e editoras a combater esse problema. Ele n\u00e3o realiza monitoramento autom\u00e1tico em grupos do Facebook, WhatsApp e Telegram, pois isso poderia violar a privacidade das pessoas. No entanto, atuamos atrav\u00e9s de den\u00fancias, iniciando solicita\u00e7\u00f5es para remo\u00e7\u00e3o do grupo ou da obra em quest\u00e3o, caso tenhamos evid\u00eancias de <strong>compartilhamento ilegal<\/strong>.<\/p>\n\n\n\n<p>Por fim, \u00e9 importante lembrar que o <strong>Flocky n\u00e3o oferece consultoria jur\u00eddica em processos de pirataria<\/strong>, mas pode fornecer evid\u00eancias ou informa\u00e7\u00f5es para auxiliar em processos j\u00e1 existentes.<\/p>\n","protected":false},"excerpt":{"rendered":"<p>Somos uma Startup pioneira naprote\u00e7\u00e3o autoral para autores e editoras contra o compartilhamento ilegal O Flocky \u00e9 um rob\u00f4 de buscas de tecnologia avan\u00e7ada, projetado para proteger autores e editoras de poss\u00edveis casos de distribui\u00e7\u00e3o ou comercializa\u00e7\u00e3o ilegal de seus livros. Ele funciona 24 horas por dia, realizando pesquisas constantes na internet para identificar qualquer [&hellip;]<\/p>\n","protected":false},"author":1,"featured_media":0,"parent":0,"menu_order":0,"comment_status":"closed","ping_status":"open","template":"","meta":{"footnotes":""},"class_list":["post-2","page","type-page","status-publish","hentry"],"_links":{"self":[{"href":"https:\/\/flocky.com.br\/blog\/wp-json\/wp\/v2\/pages\/2","targetHints":{"allow":["GET"]}}],"collection":[{"href":"https:\/\/flocky.com.br\/blog\/wp-json\/wp\/v2\/pages"}],"about":[{"href":"https:\/\/flocky.com.br\/blog\/wp-json\/wp\/v2\/types\/page"}],"author":[{"embeddable":true,"href":"https:\/\/flocky.com.br\/blog\/wp-json\/wp\/v2\/users\/1"}],"replies":[{"embeddable":true,"href":"https:\/\/flocky.com.br\/blog\/wp-json\/wp\/v2\/comments?post=2"}],"version-history":[{"count":4,"href":"https:\/\/flocky.com.br\/blog\/wp-json\/wp\/v2\/pages\/2\/revisions"}],"predecessor-version":[{"id":50,"href":"https:\/\/flocky.com.br\/blog\/wp-json\/wp\/v2\/pages\/2\/revisions\/50"}],"wp:attachment":[{"href":"https:\/\/flocky.com.br\/blog\/wp-json\/wp\/v2\/media?parent=2"}],"curies":[{"name":"wp","href":"https:\/\/api.w.org\/{rel}","templated":true}]}}